{"id":290,"date":"2021-01-18T11:26:12","date_gmt":"2021-01-18T10:26:12","guid":{"rendered":"http:\/\/adc-logbox.eu\/?page_id=290"},"modified":"2021-01-18T14:40:17","modified_gmt":"2021-01-18T13:40:17","slug":"customer-panel","status":"publish","type":"page","link":"http:\/\/adc-logbox.eu\/?page_id=290&lang=en","title":{"rendered":"Customer panel"},"content":{"rendered":"Sie m\u00fcssen sich anmelden | You need to login | Musisz si\u0119 zalogowa\u0107   <a href=\"http:\/\/adc-logbox.eu\/?page_id=279\">Login<\/a>","protected":false},"excerpt":{"rendered":"<p>Sie m\u00fcssen sich anmelden | You need to login | Musisz si\u0119 zalogowa\u0107 Login<\/p>\n","protected":false},"author":1,"featured_media":163,"parent":0,"menu_order":0,"comment_status":"closed","ping_status":"closed","template":"","meta":[],"_links":{"self":[{"href":"http:\/\/adc-logbox.eu\/index.php?rest_route=\/wp\/v2\/pages\/290"}],"collection":[{"href":"http:\/\/adc-logbox.eu\/index.php?rest_route=\/wp\/v2\/pages"}],"about":[{"href":"http:\/\/adc-logbox.eu\/index.php?rest_route=\/wp\/v2\/types\/page"}],"author":[{"embeddable":true,"href":"http:\/\/adc-logbox.eu\/index.php?rest_route=\/wp\/v2\/users\/1"}],"replies":[{"embeddable":true,"href":"http:\/\/adc-logbox.eu\/index.php?rest_route=%2Fwp%2Fv2%2Fcomments&post=290"}],"version-history":[{"count":3,"href":"http:\/\/adc-logbox.eu\/index.php?rest_route=\/wp\/v2\/pages\/290\/revisions"}],"predecessor-version":[{"id":295,"href":"http:\/\/adc-logbox.eu\/index.php?rest_route=\/wp\/v2\/pages\/290\/revisions\/295"}],"wp:featuredmedia":[{"embeddable":true,"href":"http:\/\/adc-logbox.eu\/index.php?rest_route=\/wp\/v2\/media\/163"}],"wp:attachment":[{"href":"http:\/\/adc-logbox.eu\/index.php?rest_route=%2Fwp%2Fv2%2Fmedia&parent=290"}],"curies":[{"name":"wp","href":"https:\/\/api.w.org\/{rel}","templated":true}]}}