{"id":288,"date":"2021-01-18T11:25:34","date_gmt":"2021-01-18T10:25:34","guid":{"rendered":"http:\/\/adc-logbox.eu\/?page_id=288"},"modified":"2021-02-01T18:39:53","modified_gmt":"2021-02-01T17:39:53","slug":"kundenpanel","status":"publish","type":"page","link":"http:\/\/adc-logbox.eu\/?page_id=288&lang=de","title":{"rendered":"Kundenpanel"},"content":{"rendered":"Sie m\u00fcssen sich anmelden | You need to login | Musisz si\u0119 zalogowa\u0107   <a href=\"http:\/\/adc-logbox.eu\/?page_id=279\">Login<\/a>","protected":false},"excerpt":{"rendered":"<p>Sie m\u00fcssen sich anmelden | You need to login | Musisz si\u0119 zalogowa\u0107 Login<\/p>\n","protected":false},"author":1,"featured_media":72,"parent":0,"menu_order":0,"comment_status":"closed","ping_status":"closed","template":"","meta":[],"_links":{"self":[{"href":"http:\/\/adc-logbox.eu\/index.php?rest_route=\/wp\/v2\/pages\/288"}],"collection":[{"href":"http:\/\/adc-logbox.eu\/index.php?rest_route=\/wp\/v2\/pages"}],"about":[{"href":"http:\/\/adc-logbox.eu\/index.php?rest_route=\/wp\/v2\/types\/page"}],"author":[{"embeddable":true,"href":"http:\/\/adc-logbox.eu\/index.php?rest_route=\/wp\/v2\/users\/1"}],"replies":[{"embeddable":true,"href":"http:\/\/adc-logbox.eu\/index.php?rest_route=%2Fwp%2Fv2%2Fcomments&post=288"}],"version-history":[{"count":13,"href":"http:\/\/adc-logbox.eu\/index.php?rest_route=\/wp\/v2\/pages\/288\/revisions"}],"predecessor-version":[{"id":540,"href":"http:\/\/adc-logbox.eu\/index.php?rest_route=\/wp\/v2\/pages\/288\/revisions\/540"}],"wp:featuredmedia":[{"embeddable":true,"href":"http:\/\/adc-logbox.eu\/index.php?rest_route=\/wp\/v2\/media\/72"}],"wp:attachment":[{"href":"http:\/\/adc-logbox.eu\/index.php?rest_route=%2Fwp%2Fv2%2Fmedia&parent=288"}],"curies":[{"name":"wp","href":"https:\/\/api.w.org\/{rel}","templated":true}]}}